{"id":6173,"date":"2020-05-14T14:30:01","date_gmt":"2020-05-14T14:30:01","guid":{"rendered":"https:\/\/clickont.ftsnet.it\/download-area-2\/"},"modified":"2022-05-16T10:37:41","modified_gmt":"2022-05-16T08:37:41","slug":"download-area-2","status":"publish","type":"page","link":"https:\/\/clickont.ftsnet.it\/pl\/download-area-2\/","title":{"rendered":"DIDACTIC TOOLS"},"content":{"rendered":"<p>[vc_row][vc_column][vc_empty_space height=&#8221;100px&#8221;][vc_column_text css=&#8221;.vc_custom_1652692979366{background-color: #1e73be !important;}&#8221;]<\/p>\n<h3 style=\"text-align: center;\"><span style=\"color: #ffffff;\">NARZ\u0118DZIA DYDAKTYCZNE &#8211; STREFA BEZP\u0141ATNEGO POBIERANIA<\/span><\/h3>\n<p>[\/vc_column_text][\/vc_column][\/vc_row][vc_row][vc_column][vc_column_text]<\/p>\n<p style=\"text-align: center;\">Tutaj mo\u017cesz pobra\u0107 wszystkie narz\u0119dzia dydaktyczne<\/p>\n<p>[\/vc_column_text][\/vc_column][\/vc_row][vc_row][vc_column css=&#8221;.vc_custom_1589729327817{border-top-width: 1px !important;border-right-width: 1px !important;border-bottom-width: 1px !important;border-left-width: 1px !important;border-left-color: #000000 !important;border-left-style: solid !important;border-right-color: #000000 !important;border-right-style: solid !important;border-top-color: #000000 !important;border-top-style: solid !important;border-bottom-color: #000000 !important;border-bottom-style: solid !important;}&#8221;][vc_column_text css=&#8221;.vc_custom_1652693050375{background-color: #1e73be !important;}&#8221;]<\/p>\n<h3 style=\"text-align: center;\"><span style=\"color: #ffffff;\">DEKALOG PRAWID\u0141OWEJ KOMUNIKACJI O ZMIANACH KLIMATU<\/span><\/h3>\n<p>[\/vc_column_text][vc_column_text]Zmiana klimatu nie jest now\u0105 kwesti\u0105, ale potrzeba zr\u00f3wnowa\u017conych rozwi\u0105za\u0144 jest pilniejsza ni\u017c kiedykolwiek. Podczas gdy ponad 30 lat komunikacji spo\u0142ecznej na temat zmian klimatycznych wzbudzi\u0142o mi\u0119dzynarodow\u0105 \u015bwiadomo\u015b\u0107 i obawy, zmiany zachowa\u0144 na du\u017c\u0105 skal\u0119 nie nast\u0105pi\u0142y.<br \/>\nAby uzyska\u0107 prawid\u0142ow\u0105 komunikacj\u0119 klimatyczn\u0105, nale\u017cy i\u015b\u0107 dalej, po prostu dostarczaj\u0105c ludziom informacji, kt\u00f3re odnosz\u0105 si\u0119 do dowod\u00f3w zmian klimatycznych i dramatycznych konsekwencji, jakie mog\u0105 mie\u0107 dla \u017cycia. Osoby zwi\u0105zane z komnikacj\u0105 spo\u0142eczn\u0105 i edukatorzy musz\u0105 przej\u015b\u0107 od dostarczania wynik\u00f3w naukowych do w\u0142\u0105czania ludzi w emocjonalne i aktywne zaanga\u017cowanie.<br \/>\nDekalog Click on T zrodzi\u0142 si\u0119 z tej potrzeby: 10 prostych punkt\u00f3w, kt\u00f3re oferuj\u0105 klucz do zmniejszenia przepa\u015bci mi\u0119dzy wynikami naukowymi, komunikacj\u0105 publiczn\u0105 i zmian\u0105 zachowa\u0144.[\/vc_column_text][vc_media_grid element_width=&#8221;2&#8243; item=&#8221;2058&#8243; initial_loading_animation=&#8221;none&#8221; grid_id=&#8221;vc_gid:1652693356182-c305b516-084f-6&#8243; include=&#8221;4601,6175,6183,6198,6205,6212,6219,6226,6233,6240,6247&#8243;][\/vc_column][\/vc_row][vc_row][vc_column css=&#8221;.vc_custom_1589729327817{border-top-width: 1px !important;border-right-width: 1px !important;border-bottom-width: 1px !important;border-left-width: 1px !important;border-left-color: #000000 !important;border-left-style: solid !important;border-right-color: #000000 !important;border-right-style: solid !important;border-top-color: #000000 !important;border-top-style: solid !important;border-bottom-color: #000000 !important;border-bottom-style: solid !important;}&#8221;][vc_column_text css=&#8221;.vc_custom_1652693181797{background-color: #1e73be !important;}&#8221;]<\/p>\n<h3 style=\"text-align: center;\"><span style=\"color: #ffffff;\">ANGA\u017bOWANIE LOKALNYCH SPO\u0141ECZNO\u015aCI W DZIA\u0141ANIA NA RZECZ \u0141AGODZENIA SKUTK\u00d3W ZMIAN KLIMATU<\/span><\/h3>\n<p>[\/vc_column_text][vc_column_text]Niniejsza prezentacja zawiera wyb\u00f3r dobrych praktyk, kt\u00f3re u\u0142atwiaj\u0105 komunikacj\u0119 na temat zmian klimatu i zach\u0119caj\u0105 lokalne spo\u0142eczno\u015bci do dzia\u0142ania.[\/vc_column_text][vc_media_grid element_width=&#8221;2&#8243; item=&#8221;2058&#8243; initial_loading_animation=&#8221;none&#8221; grid_id=&#8221;vc_gid:1652693356227-863b93ca-94a7-9&#8243; include=&#8221;4476,5871&#8243;][\/vc_column][\/vc_row][vc_row][vc_column css=&#8221;.vc_custom_1589729327817{border-top-width: 1px !important;border-right-width: 1px !important;border-bottom-width: 1px !important;border-left-width: 1px !important;border-left-color: #000000 !important;border-left-style: solid !important;border-right-color: #000000 !important;border-right-style: solid !important;border-top-color: #000000 !important;border-top-style: solid !important;border-bottom-color: #000000 !important;border-bottom-style: solid !important;}&#8221;][vc_column_text css=&#8221;.vc_custom_1652693237953{background-color: #1e73be !important;}&#8221;]<\/p>\n<h3 style=\"text-align: center;\"><span style=\"color: #ffffff;\">UMIEJ\u0118TNO\u015aCI J\u0118ZYKOWE I KOMUNIKACYJNE O ZMIANACH KLIMATU<\/span><\/h3>\n<p>[\/vc_column_text][vc_column_text]Komunikacja sk\u0142ada si\u0119 z obraz\u00f3w i s\u0142\u00f3w: podczas gdy obrazy mog\u0105 by\u0107 natychmiastowe, j\u0119zyk przechodzi przez kulturowe mediacje, a zbyt techniczny lub elokwentny j\u0119zyk odpycha rozm\u00f3wc\u0119, daj\u0105c mu poczucie, \u017ce nie zrozumie przes\u0142ania. Prezentacje te pomagaj\u0105 komunikatorowi upro\u015bci\u0107 tekst za pomoc\u0105 kilku prostych sztuczek i udost\u0119pni\u0107 go og\u00f3\u0142owi spo\u0142ecze\u0144stwa.[\/vc_column_text][vc_media_grid element_width=&#8221;2&#8243; item=&#8221;2058&#8243; initial_loading_animation=&#8221;none&#8221; grid_id=&#8221;vc_gid:1652693356235-7079a21b-cb44-8&#8243; include=&#8221;2921,6060&#8243;][\/vc_column][\/vc_row][vc_row][vc_column css=&#8221;.vc_custom_1589729327817{border-top-width: 1px !important;border-right-width: 1px !important;border-bottom-width: 1px !important;border-left-width: 1px !important;border-left-color: #000000 !important;border-left-style: solid !important;border-right-color: #000000 !important;border-right-style: solid !important;border-top-color: #000000 !important;border-top-style: solid !important;border-bottom-color: #000000 !important;border-bottom-style: solid !important;}&#8221;][vc_column_text css=&#8221;.vc_custom_1652693308591{background-color: #1e73be !important;}&#8221;]<\/p>\n<h3 style=\"text-align: center;\"><span style=\"color: #ffffff;\">Storytelling visualny o zmianach klimatu<\/span><\/h3>\n<p>[\/vc_column_text][vc_column_text]Cz\u0119\u015b\u0107 ta ilustruje zalety korzystania z wizualnego opowiadania historii, techniki, kt\u00f3ra daje mo\u017cliwo\u015b\u0107 wprowadzenia aspektu emocjonalnego do dzia\u0142a\u0144 zwi\u0105zanych z nauczaniem\/uczeniem si\u0119, ale kt\u00f3ra mo\u017ce r\u00f3wnie\u017c stanowi\u0107 narz\u0119dzie do lepszej oceny efekt\u00f3w \u015bcie\u017cki edukacyjnej.[\/vc_column_text][vc_media_grid element_width=&#8221;2&#8243; item=&#8221;2058&#8243; initial_loading_animation=&#8221;none&#8221; grid_id=&#8221;vc_gid:1652693356243-76074944-749f-8&#8243; include=&#8221;4526&#8243;][\/vc_column][\/vc_row][vc_row][vc_column css=&#8221;.vc_custom_1589729327817{border-top-width: 1px !important;border-right-width: 1px !important;border-bottom-width: 1px !important;border-left-width: 1px !important;border-left-color: #000000 !important;border-left-style: solid !important;border-right-color: #000000 !important;border-right-style: solid !important;border-top-color: #000000 !important;border-top-style: solid !important;border-bottom-color: #000000 !important;border-bottom-style: solid !important;}&#8221;][vc_column_text css=&#8221;.vc_custom_1652693465372{background-color: #1e73be !important;}&#8221;]<\/p>\n<h3 style=\"text-align: center;\"><span style=\"color: #ffffff;\">Zmiana klimatu poprzez dzia\u0142ania teatralne<\/span><\/h3>\n<p>[\/vc_column_text][vc_column_text]Jak mo\u017cemy inspirowa\u0107 ludzi i przekszta\u0142ca\u0107 wyzwania zwi\u0105zane ze zmianami klimatu w mo\u017cliwo\u015bci? Tw\u00f3rczej odpowiedzi na to pytanie mo\u017ce da\u0107 akcja teatralna.[\/vc_column_text][vc_media_grid element_width=&#8221;2&#8243; item=&#8221;2058&#8243; initial_loading_animation=&#8221;none&#8221; grid_id=&#8221;vc_gid:1652693356247-ce67f4b7-2173-2&#8243; include=&#8221;2351&#8243;][\/vc_column][\/vc_row][vc_row][vc_column css=&#8221;.vc_custom_1589729327817{border-top-width: 1px !important;border-right-width: 1px !important;border-bottom-width: 1px !important;border-left-width: 1px !important;border-left-color: #000000 !important;border-left-style: solid !important;border-right-color: #000000 !important;border-right-style: solid !important;border-top-color: #000000 !important;border-top-style: solid !important;border-bottom-color: #000000 !important;border-bottom-style: solid !important;}&#8221;][vc_column_text css=&#8221;.vc_custom_1652693544084{background-color: #1e73be !important;}&#8221;]<\/p>\n<h3 style=\"text-align: center;\"><span style=\"color: #ffffff;\">ZNACZENIE \u201eENERGIZER\u00d3W\u201d PODCZAS SPOTKANIA NA TEMAT ZMIAN KLIMATU<\/span><\/h3>\n<p>[\/vc_column_text][vc_column_text]Energizery to zabawne zaj\u0119cia, kt\u00f3re od\u015bwie\u017caj\u0105 grup\u0119 i kt\u00f3re mo\u017cna w\u0142\u0105czy\u0107 do procesu szkolenia, aby pobudzi\u0107 uczestnik\u00f3w zar\u00f3wno fizycznie, jak i psychicznie. Bardzo wa\u017cne jest, aby dostosowa\u0107 rodzaj energizer\u00f3w oraz czas i wymagany materia\u0142 do konkretnego kontekstu i tematu poruszanego na spotkaniu. Istnieje wiele przyk\u0142ad\u00f3w aktywator\u00f3w, kt\u00f3re mo\u017cna dostosowa\u0107 do tematu zmiany klimatu.[\/vc_column_text][vc_media_grid element_width=&#8221;2&#8243; item=&#8221;2058&#8243; initial_loading_animation=&#8221;none&#8221; grid_id=&#8221;vc_gid:1652693356255-33cd7a22-0a5c-4&#8243; include=&#8221;2622&#8243;][\/vc_column][\/vc_row][vc_row][vc_column css=&#8221;.vc_custom_1589729327817{border-top-width: 1px !important;border-right-width: 1px !important;border-bottom-width: 1px !important;border-left-width: 1px !important;border-left-color: #000000 !important;border-left-style: solid !important;border-right-color: #000000 !important;border-right-style: solid !important;border-top-color: #000000 !important;border-top-style: solid !important;border-bottom-color: #000000 !important;border-bottom-style: solid !important;}&#8221;][vc_column_text css=&#8221;.vc_custom_1652693601024{background-color: #1e73be !important;}&#8221;]<\/p>\n<h3 style=\"text-align: center;\"><span style=\"color: #ffffff;\">\u015aLAD EKOLOGICZNY MIERZY WP\u0141YW NASZEJ DZIA\u0141ALNO\u015aCI NA \u015aRODOWISKO, W SZCZEG\u00d3LNO\u015aCI NA ZMIANY KLIMATU.<\/span><\/h3>\n<p>[\/vc_column_text][vc_column_text]\u015alad ekologiczny ka\u017cdej osoby mierzy ca\u0142o\u015b\u0107 emisji gaz\u00f3w cieplarnianych, bezpo\u015brednio lub po\u015brednio, poprzez ich codzienne czynno\u015bci, nawyki i zachowania.[\/vc_column_text][vc_media_grid element_width=&#8221;2&#8243; item=&#8221;2058&#8243; initial_loading_animation=&#8221;none&#8221; grid_id=&#8221;vc_gid:1652693356261-05f3f107-9c2c-4&#8243; include=&#8221;4747&#8243;][\/vc_column][\/vc_row][vc_row][vc_column css=&#8221;.vc_custom_1589729327817{border-top-width: 1px !important;border-right-width: 1px !important;border-bottom-width: 1px !important;border-left-width: 1px !important;border-left-color: #000000 !important;border-left-style: solid !important;border-right-color: #000000 !important;border-right-style: solid !important;border-top-color: #000000 !important;border-top-style: solid !important;border-bottom-color: #000000 !important;border-bottom-style: solid !important;}&#8221;][vc_column_text css=&#8221;.vc_custom_1652693657209{background-color: #1e73be !important;}&#8221;]<\/p>\n<h3 style=\"text-align: center;\"><span style=\"color: #ffffff;\">JAK WYKORZYSTA\u0106 NASZ M\u00d3ZG<\/span><\/h3>\n<p>[\/vc_column_text][vc_column_text]Tw\u00f3j m\u00f3zg jest odpowiedzialny za kontrolowanie mimowolnych rzeczy i nigdy nie oczekuje od ciebie \u017cadnych podzi\u0119kowa\u0144.[\/vc_column_text][vc_media_grid element_width=&#8221;2&#8243; item=&#8221;2058&#8243; initial_loading_animation=&#8221;none&#8221; grid_id=&#8221;vc_gid:1652693356265-5d95f282-ac1b-6&#8243; include=&#8221;5172&#8243;][\/vc_column][\/vc_row][vc_row][vc_column css=&#8221;.vc_custom_1589729327817{border-top-width: 1px !important;border-right-width: 1px !important;border-bottom-width: 1px !important;border-left-width: 1px !important;border-left-color: #000000 !important;border-left-style: solid !important;border-right-color: #000000 !important;border-right-style: solid !important;border-top-color: #000000 !important;border-top-style: solid !important;border-bottom-color: #000000 !important;border-bottom-style: solid !important;}&#8221;][vc_column_text css=&#8221;.vc_custom_1652693701950{background-color: #1e73be !important;}&#8221;]<\/p>\n<h3 style=\"text-align: center;\"><span style=\"color: #ffffff;\">ODPORNE SPO\u0141ECZNO\u015aCI I ZMIANY KLIMATU: ZIELONE CENTRUM MOGO <\/span><\/h3>\n<p>[\/vc_column_text][vc_column_text]Od 2007 roku Green Mogo Center promuje edukacj\u0119 dzieci i m\u0142odzie\u017cy o zr\u00f3wnowa\u017conym rozwoju, zr\u00f3wnowa\u017cony rozw\u00f3j spo\u0142eczno\u015bci lokalnych oraz \u201ezielone\u201d budownictwo i \u017cycie, wspieraj\u0105c ekoefektywno\u015b\u0107[\/vc_column_text][vc_media_grid element_width=&#8221;2&#8243; item=&#8221;2058&#8243; initial_loading_animation=&#8221;none&#8221; grid_id=&#8221;vc_gid:1652693356270-0df7c219-cb29-4&#8243; include=&#8221;5179&#8243;][\/vc_column][\/vc_row][vc_row][vc_column css=&#8221;.vc_custom_1589729327817{border-top-width: 1px !important;border-right-width: 1px !important;border-bottom-width: 1px !important;border-left-width: 1px !important;border-left-color: #000000 !important;border-left-style: solid !important;border-right-color: #000000 !important;border-right-style: solid !important;border-top-color: #000000 !important;border-top-style: solid !important;border-bottom-color: #000000 !important;border-bottom-style: solid !important;}&#8221;][vc_column_text css=&#8221;.vc_custom_1652693790943{background-color: #1e73be !important;}&#8221;]<\/p>\n<h3 style=\"text-align: center;\"><span style=\"color: #ffffff;\">ODPADY I ZMIANY KLIMATU<\/span><\/h3>\n<p>[\/vc_column_text][vc_column_text]Odpady stanowi\u0105 3% ca\u0142kowitej emisji gaz\u00f3w cieplarnianych, jak mo\u017cemy je zmniejszy\u0107? Z pomoc\u0105 przychodz\u0105 nam zasady zapobiegania i recyklingu.[\/vc_column_text][vc_media_grid element_width=&#8221;2&#8243; item=&#8221;2058&#8243; initial_loading_animation=&#8221;none&#8221; grid_id=&#8221;vc_gid:1652693356278-c8ed842a-5bbe-0&#8243; include=&#8221;5186&#8243;][\/vc_column][\/vc_row][vc_row disable_element=&#8221;yes&#8221;][vc_column width=&#8221;1\/2&#8243; css=&#8221;.vc_custom_1589729327817{border-top-width: 1px !important;border-right-width: 1px !important;border-bottom-width: 1px !important;border-left-width: 1px !important;border-left-color: #000000 !important;border-left-style: solid !important;border-right-color: #000000 !important;border-right-style: solid !important;border-top-color: #000000 !important;border-top-style: solid !important;border-bottom-color: #000000 !important;border-bottom-style: solid !important;}&#8221;][vc_column_text css=&#8221;.vc_custom_1589729254036{background-color: #1e73be !important;}&#8221;]<\/p>\n<h1 style=\"text-align: center;\"><span style=\"color: #ffffff;\">BOX TITLE<\/span><\/h1>\n<p>[\/vc_column_text][vc_column_text]Description Free Text[\/vc_column_text][vc_media_grid item=&#8221;none&#8221; grid_id=&#8221;vc_gid:1652693356283-ff4c397c-1da7-2&#8243; include=&#8221;4326,4132,4224&#8243;][\/vc_column][vc_column width=&#8221;1\/2&#8243; css=&#8221;.vc_custom_1589729346217{border-top-width: 1px !important;border-right-width: 1px !important;border-bottom-width: 1px !important;border-left-width: 1px !important;border-left-color: #000000 !important;border-left-style: solid !important;border-right-color: #000000 !important;border-right-style: solid !important;border-top-color: #000000 !important;border-top-style: solid !important;border-bottom-color: #000000 !important;border-bottom-style: solid !important;}&#8221;][vc_column_text css=&#8221;.vc_custom_1589729254036{background-color: #1e73be !important;}&#8221;]<\/p>\n<h1 style=\"text-align: center;\"><span style=\"color: #ffffff;\">BOX TITLE<\/span><\/h1>\n<p>[\/vc_column_text][vc_column_text]Description Free Text[\/vc_column_text][vc_media_grid item=&#8221;none&#8221; grid_id=&#8221;vc_gid:1652693356300-d18cdf36-e9ba-10&#8243; include=&#8221;4326,4132,4224&#8243;][\/vc_column][\/vc_row][vc_row][vc_column][vc_empty_space][\/vc_column][\/vc_row]<\/p>\n<div class=\"clearfix\"><\/div>","protected":false},"excerpt":{"rendered":"<p>[vc_row][vc_column][vc_empty_space height=&#8221;100px&#8221;][vc_column_text css=&#8221;.vc_custom_1652692979366{background-color: #1e73be !important;}&#8221;] NARZ\u0118DZIA DYDAKTYCZNE &#8211; STREFA BEZP\u0141ATNEGO POBIERANIA [\/vc_column_text][\/vc_column][\/vc_row][vc_row][vc_column][vc_column_text] Tutaj mo\u017cesz pobra\u0107 wszystkie narz\u0119dzia dydaktyczne [\/vc_column_text][\/vc_column][\/vc_row][vc_row][vc_column css=&#8221;.vc_custom_1589729327817{border-top-width: 1px !important;border-right-width: 1px !important;border-bottom-width: 1px !important;border-left-width: 1px !important;border-left-color: #000000 !important;border-left-style: solid !important;border-right-color: #000000 !important;border-right-style: solid !important;border-top-color: #000000 !important;border-top-style: solid !important;border-bottom-color: #000000 !important;border-bottom-style: solid !important;}&#8221;][vc_column_text css=&#8221;.vc_custom_1652693050375{background-color:&#8230;<\/p>\n","protected":false},"author":6,"featured_media":4331,"parent":0,"menu_order":0,"comment_status":"closed","ping_status":"closed","template":"","meta":[],"acf":[],"yoast_head":"<!-- This site is optimized with the Yoast SEO plugin v18.4.1 - https:\/\/yoast.com\/wordpress\/plugins\/seo\/ -->\n<title>DIDACTIC TOOLS - CliCK on T<\/title>\n<meta name=\"robots\" content=\"index, follow, max-snippet:-1, max-image-preview:large, max-video-preview:-1\" \/>\n<link rel=\"canonical\" href=\"https:\/\/clickont.ftsnet.it\/pl\/download-area-2\/\" \/>\n<meta property=\"og:locale\" content=\"pl_PL\" \/>\n<meta property=\"og:type\" content=\"article\" \/>\n<meta property=\"og:title\" content=\"DIDACTIC TOOLS - CliCK on T\" \/>\n<meta property=\"og:description\" content=\"[vc_row][vc_column][vc_empty_space height=&#8221;100px&#8221;][vc_column_text css=&#8221;.vc_custom_1652692979366{background-color: #1e73be !important;}&#8221;] NARZ\u0118DZIA DYDAKTYCZNE &#8211; STREFA BEZP\u0141ATNEGO POBIERANIA [\/vc_column_text][\/vc_column][\/vc_row][vc_row][vc_column][vc_column_text] Tutaj mo\u017cesz pobra\u0107 wszystkie narz\u0119dzia dydaktyczne [\/vc_column_text][\/vc_column][\/vc_row][vc_row][vc_column css=&#8221;.vc_custom_1589729327817{border-top-width: 1px !important;border-right-width: 1px !important;border-bottom-width: 1px !important;border-left-width: 1px !important;border-left-color: #000000 !important;border-left-style: solid !important;border-right-color: #000000 !important;border-right-style: solid !important;border-top-color: #000000 !important;border-top-style: solid !important;border-bottom-color: #000000 !important;border-bottom-style: solid !important;}&#8221;][vc_column_text css=&#8221;.vc_custom_1652693050375{background-color:...\" \/>\n<meta property=\"og:url\" content=\"https:\/\/clickont.ftsnet.it\/pl\/download-area-2\/\" \/>\n<meta property=\"og:site_name\" content=\"CliCK on T\" \/>\n<meta property=\"article:modified_time\" content=\"2022-05-16T08:37:41+00:00\" \/>\n<meta property=\"og:image\" content=\"https:\/\/clickont.ftsnet.it\/wp-content\/uploads\/2020\/05\/small-child-holding-placard-poster-on-landfill-env-PED94JY-1-1024x683.jpg\" \/>\n\t<meta property=\"og:image:width\" content=\"1024\" \/>\n\t<meta property=\"og:image:height\" content=\"683\" \/>\n\t<meta property=\"og:image:type\" content=\"image\/jpeg\" \/>\n<meta name=\"twitter:card\" content=\"summary_large_image\" \/>\n<meta name=\"twitter:label1\" content=\"Szacowany czas czytania\" \/>\n\t<meta name=\"twitter:data1\" content=\"5 minut\" \/>\n<script type=\"application\/ld+json\" class=\"yoast-schema-graph\">{\"@context\":\"https:\/\/schema.org\",\"@graph\":[{\"@type\":\"WebSite\",\"@id\":\"https:\/\/clickont.ftsnet.it\/#website\",\"url\":\"https:\/\/clickont.ftsnet.it\/\",\"name\":\"CliCK on T\",\"description\":\"Climate Change Knowledge on Training\",\"potentialAction\":[{\"@type\":\"SearchAction\",\"target\":{\"@type\":\"EntryPoint\",\"urlTemplate\":\"https:\/\/clickont.ftsnet.it\/?s={search_term_string}\"},\"query-input\":\"required name=search_term_string\"}],\"inLanguage\":\"pl-PL\"},{\"@type\":\"ImageObject\",\"@id\":\"https:\/\/clickont.ftsnet.it\/pl\/download-area-2\/#primaryimage\",\"inLanguage\":\"pl-PL\",\"url\":\"https:\/\/clickont.ftsnet.it\/wp-content\/uploads\/2020\/05\/small-child-holding-placard-poster-on-landfill-env-PED94JY-1.jpg\",\"contentUrl\":\"https:\/\/clickont.ftsnet.it\/wp-content\/uploads\/2020\/05\/small-child-holding-placard-poster-on-landfill-env-PED94JY-1.jpg\",\"width\":5568,\"height\":3712},{\"@type\":\"WebPage\",\"@id\":\"https:\/\/clickont.ftsnet.it\/pl\/download-area-2\/#webpage\",\"url\":\"https:\/\/clickont.ftsnet.it\/pl\/download-area-2\/\",\"name\":\"DIDACTIC TOOLS - CliCK on T\",\"isPartOf\":{\"@id\":\"https:\/\/clickont.ftsnet.it\/#website\"},\"primaryImageOfPage\":{\"@id\":\"https:\/\/clickont.ftsnet.it\/pl\/download-area-2\/#primaryimage\"},\"datePublished\":\"2020-05-14T14:30:01+00:00\",\"dateModified\":\"2022-05-16T08:37:41+00:00\",\"breadcrumb\":{\"@id\":\"https:\/\/clickont.ftsnet.it\/pl\/download-area-2\/#breadcrumb\"},\"inLanguage\":\"pl-PL\",\"potentialAction\":[{\"@type\":\"ReadAction\",\"target\":[\"https:\/\/clickont.ftsnet.it\/pl\/download-area-2\/\"]}]},{\"@type\":\"BreadcrumbList\",\"@id\":\"https:\/\/clickont.ftsnet.it\/pl\/download-area-2\/#breadcrumb\",\"itemListElement\":[{\"@type\":\"ListItem\",\"position\":1,\"name\":\"Home\",\"item\":\"https:\/\/clickont.ftsnet.it\/pl\/\"},{\"@type\":\"ListItem\",\"position\":2,\"name\":\"DIDACTIC TOOLS\"}]}]}<\/script>\n<!-- \/ Yoast SEO plugin. -->","yoast_head_json":{"title":"DIDACTIC TOOLS - CliCK on T","robots":{"index":"index","follow":"follow","max-snippet":"max-snippet:-1","max-image-preview":"max-image-preview:large","max-video-preview":"max-video-preview:-1"},"canonical":"https:\/\/clickont.ftsnet.it\/pl\/download-area-2\/","og_locale":"pl_PL","og_type":"article","og_title":"DIDACTIC TOOLS - CliCK on T","og_description":"[vc_row][vc_column][vc_empty_space height=&#8221;100px&#8221;][vc_column_text css=&#8221;.vc_custom_1652692979366{background-color: #1e73be !important;}&#8221;] NARZ\u0118DZIA DYDAKTYCZNE &#8211; STREFA BEZP\u0141ATNEGO POBIERANIA [\/vc_column_text][\/vc_column][\/vc_row][vc_row][vc_column][vc_column_text] Tutaj mo\u017cesz pobra\u0107 wszystkie narz\u0119dzia dydaktyczne [\/vc_column_text][\/vc_column][\/vc_row][vc_row][vc_column css=&#8221;.vc_custom_1589729327817{border-top-width: 1px !important;border-right-width: 1px !important;border-bottom-width: 1px !important;border-left-width: 1px !important;border-left-color: #000000 !important;border-left-style: solid !important;border-right-color: #000000 !important;border-right-style: solid !important;border-top-color: #000000 !important;border-top-style: solid !important;border-bottom-color: #000000 !important;border-bottom-style: solid !important;}&#8221;][vc_column_text css=&#8221;.vc_custom_1652693050375{background-color:...","og_url":"https:\/\/clickont.ftsnet.it\/pl\/download-area-2\/","og_site_name":"CliCK on T","article_modified_time":"2022-05-16T08:37:41+00:00","og_image":[{"width":1024,"height":683,"url":"https:\/\/clickont.ftsnet.it\/wp-content\/uploads\/2020\/05\/small-child-holding-placard-poster-on-landfill-env-PED94JY-1-1024x683.jpg","type":"image\/jpeg"}],"twitter_card":"summary_large_image","twitter_misc":{"Szacowany czas czytania":"5 minut"},"schema":{"@context":"https:\/\/schema.org","@graph":[{"@type":"WebSite","@id":"https:\/\/clickont.ftsnet.it\/#website","url":"https:\/\/clickont.ftsnet.it\/","name":"CliCK on T","description":"Climate Change Knowledge on Training","potentialAction":[{"@type":"SearchAction","target":{"@type":"EntryPoint","urlTemplate":"https:\/\/clickont.ftsnet.it\/?s={search_term_string}"},"query-input":"required name=search_term_string"}],"inLanguage":"pl-PL"},{"@type":"ImageObject","@id":"https:\/\/clickont.ftsnet.it\/pl\/download-area-2\/#primaryimage","inLanguage":"pl-PL","url":"https:\/\/clickont.ftsnet.it\/wp-content\/uploads\/2020\/05\/small-child-holding-placard-poster-on-landfill-env-PED94JY-1.jpg","contentUrl":"https:\/\/clickont.ftsnet.it\/wp-content\/uploads\/2020\/05\/small-child-holding-placard-poster-on-landfill-env-PED94JY-1.jpg","width":5568,"height":3712},{"@type":"WebPage","@id":"https:\/\/clickont.ftsnet.it\/pl\/download-area-2\/#webpage","url":"https:\/\/clickont.ftsnet.it\/pl\/download-area-2\/","name":"DIDACTIC TOOLS - CliCK on T","isPartOf":{"@id":"https:\/\/clickont.ftsnet.it\/#website"},"primaryImageOfPage":{"@id":"https:\/\/clickont.ftsnet.it\/pl\/download-area-2\/#primaryimage"},"datePublished":"2020-05-14T14:30:01+00:00","dateModified":"2022-05-16T08:37:41+00:00","breadcrumb":{"@id":"https:\/\/clickont.ftsnet.it\/pl\/download-area-2\/#breadcrumb"},"inLanguage":"pl-PL","potentialAction":[{"@type":"ReadAction","target":["https:\/\/clickont.ftsnet.it\/pl\/download-area-2\/"]}]},{"@type":"BreadcrumbList","@id":"https:\/\/clickont.ftsnet.it\/pl\/download-area-2\/#breadcrumb","itemListElement":[{"@type":"ListItem","position":1,"name":"Home","item":"https:\/\/clickont.ftsnet.it\/pl\/"},{"@type":"ListItem","position":2,"name":"DIDACTIC TOOLS"}]}]}},"_links":{"self":[{"href":"https:\/\/clickont.ftsnet.it\/pl\/wp-json\/wp\/v2\/pages\/6173"}],"collection":[{"href":"https:\/\/clickont.ftsnet.it\/pl\/wp-json\/wp\/v2\/pages"}],"about":[{"href":"https:\/\/clickont.ftsnet.it\/pl\/wp-json\/wp\/v2\/types\/page"}],"author":[{"embeddable":true,"href":"https:\/\/clickont.ftsnet.it\/pl\/wp-json\/wp\/v2\/users\/6"}],"replies":[{"embeddable":true,"href":"https:\/\/clickont.ftsnet.it\/pl\/wp-json\/wp\/v2\/comments?post=6173"}],"version-history":[{"count":15,"href":"https:\/\/clickont.ftsnet.it\/pl\/wp-json\/wp\/v2\/pages\/6173\/revisions"}],"predecessor-version":[{"id":6402,"href":"https:\/\/clickont.ftsnet.it\/pl\/wp-json\/wp\/v2\/pages\/6173\/revisions\/6402"}],"wp:featuredmedia":[{"embeddable":true,"href":"https:\/\/clickont.ftsnet.it\/pl\/wp-json\/wp\/v2\/media\/4331"}],"wp:attachment":[{"href":"https:\/\/clickont.ftsnet.it\/pl\/wp-json\/wp\/v2\/media?parent=6173"}],"curies":[{"name":"wp","href":"https:\/\/api.w.org\/{rel}","templated":true}]}}